{"id":152,"date":"2025-06-19T16:43:30","date_gmt":"2025-06-19T14:43:30","guid":{"rendered":"https:\/\/www.instalacionesmanacor.com\/inicio\/"},"modified":"2025-09-08T16:08:51","modified_gmt":"2025-09-08T14:08:51","slug":"inicio","status":"publish","type":"page","link":"https:\/\/www.instalacionesmanacor.com\/es\/","title":{"rendered":"INICIO"},"content":{"rendered":"<div class=\"wpb-content-wrapper\">[vc_section css_animation=\u00bbnone\u00bb full_width=\u00bbstretch_row\u00bb full_height=\u00bbyes\u00bb content_placement=\u00bbmiddle\u00bb parallax=\u00bbcontent-moving\u00bb parallax_image=\u00bb32&#8243; local_scroll_id=\u00bbinici\u00bb el_id=\u00bbinici\u00bb wpex_bg_overlay=\u00bbdashed\u00bb wpex_bg_overlay_color=\u00bb#67a8c7&#8243; wpex_bg_overlay_opacity=\u00bb80%\u00bb][vc_row][vc_column][vc_single_image image=\u00bb43&#8243; css_animation=\u00bbfadeInUp\u00bb alignment=\u00bbcenter\u00bb css=\u00bb\u00bb el_class=\u00bblogo\u00bb][vc_column_text css_animation=\u00bbfadeInUp\u00bb css=\u00bb\u00bb el_class=\u00bbtitol-blanc\u00bb]\n<h1>INSTALACIONES EL\u00c9CTRICAS, FONTANER\u00cdA Y ENERG\u00cdAS RENOVABLES<\/h1>\n[\/vc_column_text][vc_row_inner css=\u00bb.vc_custom_1751898059413{padding-top: 50px !important;padding-bottom: 50px !important;}\u00bb][vc_column_inner width=\u00bb1\/3&#8243;][vc_icon icon_fontawesome=\u00bbfa fa-regular fa-lightbulb\u00bb color=\u00bbwhite\u00bb size=\u00bblg\u00bb align=\u00bbcenter\u00bb css_animation=\u00bbfadeInUp\u00bb css=\u00bb\u00bb link=\u00bburl:https%3A%2F%2Fwww.instalacionesmanacor.com%2F%23electricitat|\u00bb el_id=\u00bbAccedeix a Electricitat\u00bb][vc_column_text css_animation=\u00bbfadeInUp\u00bb css=\u00bb\u00bb el_class=\u00bbsubtitol-centrat-blanc\u00bb]\n<h2><a href=\"https:\/\/www.instalacionesmanacor.com\/#electricitat\">ELECTRICIDAD<\/a><\/h2>\n[\/vc_column_text][\/vc_column_inner][vc_column_inner width=\u00bb1\/3&#8243;][vc_icon icon_fontawesome=\u00bbfa fa-solid fa-droplet\u00bb color=\u00bbwhite\u00bb size=\u00bblg\u00bb align=\u00bbcenter\u00bb css_animation=\u00bbfadeInUp\u00bb css=\u00bb\u00bb link=\u00bburl:https%3A%2F%2Fwww.instalacionesmanacor.com%2F%23fontaneria|\u00bb el_id=\u00bbAccedeix a Fontaneria\u00bb][vc_column_text css_animation=\u00bbfadeInUp\u00bb css=\u00bb\u00bb el_class=\u00bbsubtitol-centrat-blanc2&#8243;]\n<h2><a href=\"https:\/\/www.instalacionesmanacor.com\/#fontaneria\">FONTANER\u00cdA<\/a><\/h2>\n[\/vc_column_text][\/vc_column_inner][vc_column_inner width=\u00bb1\/3&#8243;][vc_icon icon_fontawesome=\u00bbfa fa-solid fa-solar-panel\u00bb color=\u00bbwhite\u00bb size=\u00bblg\u00bb align=\u00bbcenter\u00bb css_animation=\u00bbfadeInUp\u00bb css=\u00bb\u00bb link=\u00bburl:https%3A%2F%2Fwww.instalacionesmanacor.com%2F%23energies|\u00bb el_id=\u00bbAccedeix a Energies\u00bb][vc_column_text css_animation=\u00bbfadeInUp\u00bb css=\u00bb\u00bb el_class=\u00bbsubtitol-centrat-blanc3&#8243;]\n<h2><a href=\"https:\/\/www.instalacionesmanacor.com\/#energies\">ENERG\u00cdAS<\/a><\/h2>\n[\/vc_column_text][\/vc_column_inner][\/vc_row_inner][\/vc_column][\/vc_row][\/vc_section][vc_section css_animation=\u00bbnone\u00bb full_width=\u00bbstretch_row\u00bb full_height=\u00bbyes\u00bb content_placement=\u00bbmiddle\u00bb parallax=\u00bbcontent-moving\u00bb parallax_image=\u00bb31&#8243; local_scroll_id=\u00bbelectricitat\u00bb el_id=\u00bbelectricitat\u00bb wpex_bg_overlay=\u00bbdashed\u00bb wpex_bg_overlay_color=\u00bb#ffffff\u00bb wpex_bg_overlay_opacity=\u00bb50%\u00bb][vc_row][vc_column][vc_column_text css_animation=\u00bbfadeInUp\u00bb css=\u00bb\u00bb el_class=\u00bbsubtitol-blanc\u00bb]\n<h2>ELECTRICIDAD<\/h2>\n[\/vc_column_text][vc_column_text css_animation=\u00bbfadeInUp\u00bb css=\u00bb\u00bb el_class=\u00bbtext-centrat-blanc\u00bb]Nos encargamos de cualquier tipo de instalaci\u00f3n el\u00e9ctrica, ya sea para particulares o para empresas.[\/vc_column_text][vc_icon icon_fontawesome=\u00bbfa fa-solid fa-angles-down\u00bb color=\u00bbwhite\u00bb align=\u00bbcenter\u00bb css_animation=\u00bbfadeInUp\u00bb css=\u00bb\u00bb link=\u00bburl:https%3A%2F%2Fwww.instalacionesmanacor.com%2Fes%2Felectricidad%2F|\u00bb el_id=\u00bbAccedeix a Electricitat\u00bb][\/vc_column][\/vc_row][\/vc_section][vc_section css_animation=\u00bbnone\u00bb full_width=\u00bbstretch_row\u00bb full_height=\u00bbyes\u00bb content_placement=\u00bbmiddle\u00bb parallax=\u00bbcontent-moving\u00bb parallax_image=\u00bb33&#8243; local_scroll_id=\u00bbfontaneria\u00bb el_id=\u00bbfontaneria\u00bb wpex_bg_overlay=\u00bbdashed\u00bb wpex_bg_overlay_color=\u00bb#ffffff\u00bb wpex_bg_overlay_opacity=\u00bb50%\u00bb][vc_row][vc_column][vc_column_text css_animation=\u00bbfadeInUp\u00bb css=\u00bb\u00bb el_class=\u00bbsubtitol-blanc\u00bb]\n<h2>FONTANER\u00cdA<\/h2>\n[\/vc_column_text][vc_column_text css_animation=\u00bbfadeInUp\u00bb css=\u00bb\u00bb el_class=\u00bbtext-centrat-blanc\u00bb]Nuevas instalaciones y mantenimiento de todo el relacionado con la fontaner\u00eda, incluyendo ba\u00f1os, cocinas, piscinas&#8230;[\/vc_column_text][vc_icon icon_fontawesome=\u00bbfa fa-solid fa-angles-down\u00bb color=\u00bbwhite\u00bb align=\u00bbcenter\u00bb css_animation=\u00bbfadeInUp\u00bb css=\u00bb\u00bb link=\u00bburl:https%3A%2F%2Fwww.instalacionesmanacor.com%2Fes%2Ffontaneria%2F|\u00bb el_id=\u00bbAccedeix a fontaneria\u00bb][\/vc_column][\/vc_row][\/vc_section][vc_section css_animation=\u00bbnone\u00bb full_width=\u00bbstretch_row\u00bb full_height=\u00bbyes\u00bb content_placement=\u00bbmiddle\u00bb parallax=\u00bbcontent-moving\u00bb parallax_image=\u00bb34&#8243; local_scroll_id=\u00bbenergies\u00bb el_id=\u00bbenergies\u00bb wpex_bg_overlay=\u00bbdashed\u00bb wpex_bg_overlay_color=\u00bb#ffffff\u00bb wpex_bg_overlay_opacity=\u00bb50%\u00bb][vc_row][vc_column][vc_column_text css_animation=\u00bbfadeInUp\u00bb css=\u00bb\u00bb el_class=\u00bbsubtitol-blanc\u00bb]\n<h2>ENERG\u00cdAS<\/h2>\n[\/vc_column_text][vc_column_text css_animation=\u00bbfadeInUp\u00bb css=\u00bb\u00bb el_class=\u00bbtext-centrat-blanc\u00bb]Tenemos los mejores especialistas en instalaciones de placas fotovoltaicas y otras energ\u00edas renovables.[\/vc_column_text][vc_icon icon_fontawesome=\u00bbfa fa-solid fa-angles-down\u00bb color=\u00bbwhite\u00bb align=\u00bbcenter\u00bb css_animation=\u00bbfadeInUp\u00bb css=\u00bb\u00bb link=\u00bburl:https%3A%2F%2Fwww.instalacionesmanacor.com%2Fes%2Fenergias%2F|\u00bb el_id=\u00bbAccedeix a energies renovables\u00bb][\/vc_column][\/vc_row][\/vc_section][vc_section css_animation=\u00bbnone\u00bb full_width=\u00bbstretch_row\u00bb full_height=\u00bbyes\u00bb content_placement=\u00bbmiddle\u00bb parallax=\u00bbcontent-moving\u00bb parallax_image=\u00bb56&#8243; local_scroll_id=\u00bbprofessionals\u00bb el_id=\u00bbprofessionals\u00bb wpex_bg_overlay=\u00bbdashed\u00bb wpex_bg_overlay_color=\u00bb#ffffff\u00bb wpex_bg_overlay_opacity=\u00bb50%\u00bb][vc_row][vc_column][vc_column_text css_animation=\u00bbfadeInUp\u00bb css=\u00bb\u00bb el_class=\u00bbsubtitol-blanc\u00bb]\n<h2>EQUIPO<\/h2>\n[\/vc_column_text][vc_column_text css_animation=\u00bbfadeInUp\u00bb css=\u00bb\u00bb el_class=\u00bbtext-centrat-blanc\u00bb]Los mejores especialistas con los que puedes confiar plenamente.[\/vc_column_text][vc_icon icon_fontawesome=\u00bbfa fa-regular fa-envelope\u00bb color=\u00bbwhite\u00bb align=\u00bbcenter\u00bb css_animation=\u00bbfadeInUp\u00bb css=\u00bb\u00bb link=\u00bburl:https%3A%2F%2Fwww.instalacionesmanacor.com%2Fes%2F%23contacte|\u00bb el_id=\u00bbAccedeix a equip\u00bb][\/vc_column][\/vc_row][\/vc_section][vc_section css_animation=\u00bbnone\u00bb full_width=\u00bbstretch_row\u00bb full_height=\u00bbyes\u00bb content_placement=\u00bbmiddle\u00bb local_scroll_id=\u00bbcontacte\u00bb el_id=\u00bbcontacte\u00bb wpex_bg_overlay=\u00bbdashed\u00bb wpex_bg_overlay_color=\u00bb#ffffff\u00bb wpex_bg_overlay_opacity=\u00bb50%\u00bb][vc_row][vc_column][vc_column_text css_animation=\u00bbfadeInUp\u00bb css=\u00bb\u00bb el_class=\u00bbsubtitol-blanc\u00bb]\n<h2>CONTACTO<\/h2>\n[\/vc_column_text][vc_column_text css_animation=\u00bbfadeInUp\u00bb css=\u00bb.vc_custom_1750346856060{padding-bottom: 25px !important;}\u00bb el_class=\u00bbtext-centrat-blanc\u00bb]Ponte en contacto en nosotros:[\/vc_column_text]\n<div class=\"wpcf7 no-js\" id=\"wpcf7-f177-o1\" lang=\"es-ES\" dir=\"ltr\" data-wpcf7-id=\"177\">\n<div class=\"screen-reader-response\"><p role=\"status\" aria-live=\"polite\" aria-atomic=\"true\"><\/p> <ul><\/ul><\/div>\n<form action=\"\/es\/wp-json\/wp\/v2\/pages\/152#wpcf7-f177-o1\" method=\"post\" class=\"wpcf7-form init\" aria-label=\"Formulario de contacto\" novalidate=\"novalidate\" data-status=\"init\">\n<fieldset class=\"hidden-fields-container\"><input type=\"hidden\" name=\"_wpcf7\" value=\"177\" \/><input type=\"hidden\" name=\"_wpcf7_version\" value=\"6.1.5\" \/><input type=\"hidden\" name=\"_wpcf7_locale\" value=\"es_ES\" \/><input type=\"hidden\" name=\"_wpcf7_unit_tag\" value=\"wpcf7-f177-o1\" \/><input type=\"hidden\" name=\"_wpcf7_container_post\" value=\"0\" \/><input type=\"hidden\" name=\"_wpcf7_posted_data_hash\" value=\"\" \/><input type=\"hidden\" name=\"_wpcf7_recaptcha_response\" value=\"\" \/>\n<\/fieldset>\n<p><label for=\"nom\">Nombre<\/label><br \/>\n<span class=\"wpcf7-form-control-wrap\" data-name=\"nom\"><input size=\"40\" maxlength=\"400\" class=\"wpcf7-form-control wpcf7-text wpcf7-validates-as-required\" id=\"nom\" aria-required=\"true\" aria-invalid=\"false\" value=\"\" type=\"text\" name=\"nom\" \/><\/span>\n<\/p>\n<p><label for=\"your-email\">El correo electr\u00f3nico<\/label><br \/>\n<span class=\"wpcf7-form-control-wrap\" data-name=\"your-email\"><input size=\"40\" maxlength=\"400\" class=\"wpcf7-form-control wpcf7-email wpcf7-validates-as-required wpcf7-text wpcf7-validates-as-email\" id=\"your-email\" autocomplete=\"email\" aria-required=\"true\" aria-invalid=\"false\" value=\"\" type=\"email\" name=\"your-email\" \/><\/span>\n<\/p>\n<p><label for=\"your-subject\">Asunto<\/label><br \/>\n<span class=\"wpcf7-form-control-wrap\" data-name=\"your-subject\"><input size=\"40\" maxlength=\"400\" class=\"wpcf7-form-control wpcf7-text wpcf7-validates-as-required\" id=\"your-subject\" aria-required=\"true\" aria-invalid=\"false\" value=\"\" type=\"text\" name=\"your-subject\" \/><\/span>\n<\/p>\n<p><label for=\"your-message\">El mensaje (opcional)<\/label><br \/>\n<span class=\"wpcf7-form-control-wrap\" data-name=\"your-message\"><textarea cols=\"40\" rows=\"10\" maxlength=\"2000\" class=\"wpcf7-form-control wpcf7-textarea\" id=\"your-message\" aria-invalid=\"false\" name=\"your-message\"><\/textarea><\/span>\n<\/p>\n<div class=\"acceptacio\">\n\t<p><span class=\"wpcf7-form-control-wrap\" data-name=\"acceptance-962\"><span class=\"wpcf7-form-control wpcf7-acceptance\"><span class=\"wpcf7-list-item\"><input type=\"checkbox\" name=\"acceptance-962\" value=\"1\" aria-invalid=\"false\" \/><\/span><\/span><\/span> He le\u00eddo y acepto la<br \/>\n<a href=\"https:\/\/www.instalacionesmanacor.com\/politica-de-privadesa\/\" target=\"_blank\">pol\u00edtica de privacidad<\/a> .\n\t<\/p>\n<\/div>\n<p><input class=\"wpcf7-form-control wpcf7-submit has-spinner\" type=\"submit\" value=\"Env\u00eda\" \/>\n<\/p><p style=\"display: none !important;\" class=\"akismet-fields-container\" data-prefix=\"_wpcf7_ak_\"><label>&#916;<textarea name=\"_wpcf7_ak_hp_textarea\" cols=\"45\" rows=\"8\" maxlength=\"100\"><\/textarea><\/label><input type=\"hidden\" id=\"ak_js_1\" name=\"_wpcf7_ak_js\" value=\"38\"\/><script>document.getElementById( \"ak_js_1\" ).setAttribute( \"value\", ( new Date() ).getTime() );<\/script><\/p><div class=\"wpcf7-response-output\" aria-hidden=\"true\"><\/div>\n<\/form>\n<\/div>\n[\/vc_column][\/vc_row][\/vc_section]\n<\/div>","protected":false},"excerpt":{"rendered":"<p>[vc_section css_animation=\u00bbnone\u00bb full_width=\u00bbstretch_row\u00bb full_height=\u00bbyes\u00bb content_placement=\u00bbmiddle\u00bb parallax=\u00bbcontent-moving\u00bb parallax_image=\u00bb32&#8243; local_scroll_id=\u00bbinici\u00bb el_id=\u00bbinici\u00bb wpex_bg_overlay=\u00bbdashed\u00bb wpex_bg_overlay_color=\u00bb#67a8c7&#8243; wpex_bg_overlay_opacity=\u00bb80%\u00bb][vc_row][vc_column][vc_single_image image=\u00bb43&#8243; css_animation=\u00bbfadeInUp\u00bb alignment=\u00bbcenter\u00bb css=\u00bb\u00bb el_class=\u00bblogo\u00bb][vc_column_text css_animation=\u00bbfadeInUp\u00bb css=\u00bb\u00bb el_class=\u00bbtitol-blanc\u00bb] INSTALACIONES EL\u00c9CTRICAS, FONTANER\u00cdA Y ENERG\u00cdAS RENOVABLES [\/vc_column_text][vc_row_inner css=\u00bb.vc_custom_1751898059413{padding-top: 50px !important;padding-bottom: 50px !important;}\u00bb][vc_column_inner width=\u00bb1\/3&#8243;][vc_icon icon_fontawesome=\u00bbfa fa-regular fa-lightbulb\u00bb color=\u00bbwhite\u00bb size=\u00bblg\u00bb align=\u00bbcenter\u00bb css_animation=\u00bbfadeInUp\u00bb css=\u00bb\u00bb link=\u00bburl:https%3A%2F%2Fwww.instalacionesmanacor.com%2F%23electricitat|\u00bb el_id=\u00bbAccedeix a Electricitat\u00bb][vc_column_text css_animation=\u00bbfadeInUp\u00bb css=\u00bb\u00bb el_class=\u00bbsubtitol-centrat-blanc\u00bb] ELECTRICIDAD [\/vc_column_text][\/vc_column_inner][vc_column_inner width=\u00bb1\/3&#8243;][vc_icon icon_fontawesome=\u00bbfa fa-solid fa-droplet\u00bb color=\u00bbwhite\u00bb&hellip;<\/p>\n","protected":false},"author":1,"featured_media":0,"parent":0,"menu_order":0,"comment_status":"closed","ping_status":"closed","template":"","meta":{"inline_featured_image":false,"footnotes":""},"class_list":["post-152","page","type-page","status-publish","hentry","entry","no-media"],"yoast_head":"<!-- This site is optimized with the Yoast SEO plugin v27.4 - https:\/\/yoast.com\/product\/yoast-seo-wordpress\/ -->\n<title>INICIO - INSTALACIONES MANACOR<\/title>\n<meta name=\"description\" content=\"Instalaciones Manacor, nos encargamos de cualquier instalaci\u00f3n el\u00e9ctrica, fontaner\u00eda, energ\u00edas renovables.\" \/>\n<meta name=\"robots\" content=\"index, follow, max-snippet:-1, max-image-preview:large, max-video-preview:-1\" \/>\n<link rel=\"canonical\" href=\"https:\/\/www.instalacionesmanacor.com\/es\/\" \/>\n<meta property=\"og:locale\" content=\"es_ES\" \/>\n<meta property=\"og:type\" content=\"article\" \/>\n<meta property=\"og:title\" content=\"INICIO - INSTALACIONES MANACOR\" \/>\n<meta property=\"og:description\" content=\"Instalaciones Manacor, nos encargamos de cualquier instalaci\u00f3n el\u00e9ctrica, fontaner\u00eda, energ\u00edas renovables.\" \/>\n<meta property=\"og:url\" content=\"https:\/\/www.instalacionesmanacor.com\/es\/\" \/>\n<meta property=\"og:site_name\" content=\"INSTALACIONES MANACOR\" \/>\n<meta property=\"article:modified_time\" content=\"2025-09-08T14:08:51+00:00\" \/>\n<meta name=\"twitter:card\" content=\"summary_large_image\" \/>\n<meta name=\"twitter:label1\" content=\"Tiempo de lectura\" \/>\n\t<meta name=\"twitter:data1\" content=\"4 minutos\" \/>\n<script type=\"application\/ld+json\" class=\"yoast-schema-graph\">{\"@context\":\"https:\\\/\\\/schema.org\",\"@graph\":[{\"@type\":\"WebPage\",\"@id\":\"https:\\\/\\\/www.instalacionesmanacor.com\\\/es\\\/\",\"url\":\"https:\\\/\\\/www.instalacionesmanacor.com\\\/es\\\/\",\"name\":\"INICIO - INSTALACIONES MANACOR\",\"isPartOf\":{\"@id\":\"https:\\\/\\\/www.instalacionesmanacor.com\\\/es\\\/#website\"},\"datePublished\":\"2025-06-19T14:43:30+00:00\",\"dateModified\":\"2025-09-08T14:08:51+00:00\",\"description\":\"Instalaciones Manacor, nos encargamos de cualquier instalaci\u00f3n el\u00e9ctrica, fontaner\u00eda, energ\u00edas renovables.\",\"breadcrumb\":{\"@id\":\"https:\\\/\\\/www.instalacionesmanacor.com\\\/es\\\/#breadcrumb\"},\"inLanguage\":\"es\",\"potentialAction\":[{\"@type\":\"ReadAction\",\"target\":[\"https:\\\/\\\/www.instalacionesmanacor.com\\\/es\\\/\"]}]},{\"@type\":\"BreadcrumbList\",\"@id\":\"https:\\\/\\\/www.instalacionesmanacor.com\\\/es\\\/#breadcrumb\",\"itemListElement\":[{\"@type\":\"ListItem\",\"position\":1,\"name\":\"Inici\",\"item\":\"https:\\\/\\\/www.instalacionesmanacor.com\\\/es\\\/inicio\\\/\"},{\"@type\":\"ListItem\",\"position\":2,\"name\":\"INICIO\"}]},{\"@type\":\"WebSite\",\"@id\":\"https:\\\/\\\/www.instalacionesmanacor.com\\\/es\\\/#website\",\"url\":\"https:\\\/\\\/www.instalacionesmanacor.com\\\/es\\\/\",\"name\":\"INSTALACIONES MANACOR\",\"description\":\"\",\"publisher\":{\"@id\":\"https:\\\/\\\/www.instalacionesmanacor.com\\\/es\\\/#organization\"},\"potentialAction\":[{\"@type\":\"SearchAction\",\"target\":{\"@type\":\"EntryPoint\",\"urlTemplate\":\"https:\\\/\\\/www.instalacionesmanacor.com\\\/es\\\/?s={search_term_string}\"},\"query-input\":{\"@type\":\"PropertyValueSpecification\",\"valueRequired\":true,\"valueName\":\"search_term_string\"}}],\"inLanguage\":\"es\"},{\"@type\":\"Organization\",\"@id\":\"https:\\\/\\\/www.instalacionesmanacor.com\\\/es\\\/#organization\",\"name\":\"INSTALACIONES MANACOR\",\"url\":\"https:\\\/\\\/www.instalacionesmanacor.com\\\/es\\\/\",\"logo\":{\"@type\":\"ImageObject\",\"inLanguage\":\"es\",\"@id\":\"https:\\\/\\\/www.instalacionesmanacor.com\\\/es\\\/#\\\/schema\\\/logo\\\/image\\\/\",\"url\":\"https:\\\/\\\/www.instalacionesmanacor.com\\\/wp-content\\\/uploads\\\/2025\\\/06\\\/LOGOTIPS-solts-INSTALACIONES-MANACOR-02.jpg\",\"contentUrl\":\"https:\\\/\\\/www.instalacionesmanacor.com\\\/wp-content\\\/uploads\\\/2025\\\/06\\\/LOGOTIPS-solts-INSTALACIONES-MANACOR-02.jpg\",\"width\":2302,\"height\":1242,\"caption\":\"INSTALACIONES MANACOR\"},\"image\":{\"@id\":\"https:\\\/\\\/www.instalacionesmanacor.com\\\/es\\\/#\\\/schema\\\/logo\\\/image\\\/\"}}]}<\/script>\n<!-- \/ Yoast SEO plugin. -->","yoast_head_json":{"title":"INICIO - INSTALACIONES MANACOR","description":"Instalaciones Manacor, nos encargamos de cualquier instalaci\u00f3n el\u00e9ctrica, fontaner\u00eda, energ\u00edas renovables.","robots":{"index":"index","follow":"follow","max-snippet":"max-snippet:-1","max-image-preview":"max-image-preview:large","max-video-preview":"max-video-preview:-1"},"canonical":"https:\/\/www.instalacionesmanacor.com\/es\/","og_locale":"es_ES","og_type":"article","og_title":"INICIO - INSTALACIONES MANACOR","og_description":"Instalaciones Manacor, nos encargamos de cualquier instalaci\u00f3n el\u00e9ctrica, fontaner\u00eda, energ\u00edas renovables.","og_url":"https:\/\/www.instalacionesmanacor.com\/es\/","og_site_name":"INSTALACIONES MANACOR","article_modified_time":"2025-09-08T14:08:51+00:00","twitter_card":"summary_large_image","twitter_misc":{"Tiempo de lectura":"4 minutos"},"schema":{"@context":"https:\/\/schema.org","@graph":[{"@type":"WebPage","@id":"https:\/\/www.instalacionesmanacor.com\/es\/","url":"https:\/\/www.instalacionesmanacor.com\/es\/","name":"INICIO - INSTALACIONES MANACOR","isPartOf":{"@id":"https:\/\/www.instalacionesmanacor.com\/es\/#website"},"datePublished":"2025-06-19T14:43:30+00:00","dateModified":"2025-09-08T14:08:51+00:00","description":"Instalaciones Manacor, nos encargamos de cualquier instalaci\u00f3n el\u00e9ctrica, fontaner\u00eda, energ\u00edas renovables.","breadcrumb":{"@id":"https:\/\/www.instalacionesmanacor.com\/es\/#breadcrumb"},"inLanguage":"es","potentialAction":[{"@type":"ReadAction","target":["https:\/\/www.instalacionesmanacor.com\/es\/"]}]},{"@type":"BreadcrumbList","@id":"https:\/\/www.instalacionesmanacor.com\/es\/#breadcrumb","itemListElement":[{"@type":"ListItem","position":1,"name":"Inici","item":"https:\/\/www.instalacionesmanacor.com\/es\/inicio\/"},{"@type":"ListItem","position":2,"name":"INICIO"}]},{"@type":"WebSite","@id":"https:\/\/www.instalacionesmanacor.com\/es\/#website","url":"https:\/\/www.instalacionesmanacor.com\/es\/","name":"INSTALACIONES MANACOR","description":"","publisher":{"@id":"https:\/\/www.instalacionesmanacor.com\/es\/#organization"},"potentialAction":[{"@type":"SearchAction","target":{"@type":"EntryPoint","urlTemplate":"https:\/\/www.instalacionesmanacor.com\/es\/?s={search_term_string}"},"query-input":{"@type":"PropertyValueSpecification","valueRequired":true,"valueName":"search_term_string"}}],"inLanguage":"es"},{"@type":"Organization","@id":"https:\/\/www.instalacionesmanacor.com\/es\/#organization","name":"INSTALACIONES MANACOR","url":"https:\/\/www.instalacionesmanacor.com\/es\/","logo":{"@type":"ImageObject","inLanguage":"es","@id":"https:\/\/www.instalacionesmanacor.com\/es\/#\/schema\/logo\/image\/","url":"https:\/\/www.instalacionesmanacor.com\/wp-content\/uploads\/2025\/06\/LOGOTIPS-solts-INSTALACIONES-MANACOR-02.jpg","contentUrl":"https:\/\/www.instalacionesmanacor.com\/wp-content\/uploads\/2025\/06\/LOGOTIPS-solts-INSTALACIONES-MANACOR-02.jpg","width":2302,"height":1242,"caption":"INSTALACIONES MANACOR"},"image":{"@id":"https:\/\/www.instalacionesmanacor.com\/es\/#\/schema\/logo\/image\/"}}]}},"_links":{"self":[{"href":"https:\/\/www.instalacionesmanacor.com\/es\/wp-json\/wp\/v2\/pages\/152","targetHints":{"allow":["GET"]}}],"collection":[{"href":"https:\/\/www.instalacionesmanacor.com\/es\/wp-json\/wp\/v2\/pages"}],"about":[{"href":"https:\/\/www.instalacionesmanacor.com\/es\/wp-json\/wp\/v2\/types\/page"}],"author":[{"embeddable":true,"href":"https:\/\/www.instalacionesmanacor.com\/es\/wp-json\/wp\/v2\/users\/1"}],"replies":[{"embeddable":true,"href":"https:\/\/www.instalacionesmanacor.com\/es\/wp-json\/wp\/v2\/comments?post=152"}],"version-history":[{"count":21,"href":"https:\/\/www.instalacionesmanacor.com\/es\/wp-json\/wp\/v2\/pages\/152\/revisions"}],"predecessor-version":[{"id":375,"href":"https:\/\/www.instalacionesmanacor.com\/es\/wp-json\/wp\/v2\/pages\/152\/revisions\/375"}],"wp:attachment":[{"href":"https:\/\/www.instalacionesmanacor.com\/es\/wp-json\/wp\/v2\/media?parent=152"}],"curies":[{"name":"wp","href":"https:\/\/api.w.org\/{rel}","templated":true}]}}